{"id":4732,"date":"2024-06-17T15:38:56","date_gmt":"2024-06-17T13:38:56","guid":{"rendered":"https:\/\/www.accrorap.com\/?page_id=4732"},"modified":"2026-02-19T14:13:08","modified_gmt":"2026-02-19T13:13:08","slug":"contact","status":"publish","type":"page","link":"https:\/\/www.accrorap.com\/en\/contact\/","title":{"rendered":"Contact"},"content":{"rendered":"<div class=\"wpb-content-wrapper\"><p>[vc_row][vc_column width=&#8221;1\/2&#8243; css=&#8221;.vc_custom_1655118123147{margin-top: 0px !important;margin-right: 0px !important;border-top-width: 0px !important;border-right-width: 0px !important;padding-top: 0px !important;padding-right: 40px !important;}&#8221;][vc_column_text css=&#8221;.vc_custom_1718629643405{margin-bottom: 20px !important;border-bottom-width: 0px !important;padding-bottom: 0px !important;}&#8221;]<\/p>\n<h3>TEAM<\/h3>\n<p>[\/vc_column_text][vc_separator color=&#8221;custom&#8221; align=&#8221;align_left&#8221; border_width=&#8221;6&#8243; css=&#8221;.vc_custom_1655117843276{margin-top: 0px !important;border-top-width: 0px !important;padding-top: 0px !important;}&#8221; accent_color=&#8221;#cc171a&#8221;][\/vc_column][vc_column width=&#8221;1\/2&#8243; css=&#8221;.vc_custom_1655118144054{margin-top: 0px !important;margin-left: 40px !important;border-top-width: 0px !important;border-left-width: 0px !important;padding-top: 0px !important;padding-left: 0px !important;}&#8221;][vc_column_text css=&#8221;.vc_custom_1718631627588{margin-bottom: 20px !important;border-bottom-width: 0px !important;padding-bottom: 0px !important;}&#8221;]<\/p>\n<h3>MAP<\/h3>\n<p>[\/vc_column_text][vc_separator color=&#8221;custom&#8221; border_width=&#8221;6&#8243; css=&#8221;.vc_custom_1655117670900{margin-top: 0px !important;border-top-width: 0px !important;padding-top: 0px !important;}&#8221; accent_color=&#8221;#cc171a&#8221;][\/vc_column][\/vc_row][vc_row][vc_column width=&#8221;1\/4&#8243; css=&#8221;.vc_custom_1655118261206{margin-top: 0px !important;margin-right: 0px !important;border-top-width: 0px !important;border-right-width: 0px !important;padding-top: 0px !important;padding-right: 20px !important;}&#8221;][vc_column_text css_animation=&#8221;none&#8221; css=&#8221;&#8221;]<strong>Artistic director <\/strong><br \/>\nKader Attou<br \/>\n<a href=\"mailto:kaderattou@accrorap.com\">kaderattou@accrorap.com<\/a><\/p>\n<p><strong>Administration<\/strong><br \/>\nCathy Chahine<br \/>\n<a href=\"mailto:admin@accrorap.com\">admin@accrorap.com<\/a><br \/>\n04 26 78 12 50<\/p>\n<p><strong>Production<\/strong><br \/>\nH\u00e9l\u00e8ne Caill\u00e9<br \/>\n<a href=\"mailto:production@accrorap.com\">production@accrorap.com<\/a><br \/>\nLudivine Leca<br \/>\n<a href=\"contact@accrorap.com\">contact@accrorap.com<\/a><\/p>\n<p><strong>Communication<\/strong><br \/>\nDanielle Chaillot<br \/>\n<a href=\"mailto:communication@accrorap.com\">communication@accrorap.com<\/a>[\/vc_column_text][vc_separator color=&#8221;custom&#8221; border_width=&#8221;6&#8243; accent_color=&#8221;#cc171a&#8221;][vc_column_text css=&#8221;&#8221;]<strong>Company ACCRORAP<\/strong><br \/>\nFriche la Belle de Mai<br \/>\n41 Rue Jobin<br \/>\n13003 MARSEILLE<br \/>\n04 26 78 12 50[\/vc_column_text][\/vc_column][vc_column width=&#8221;1\/4&#8243; css=&#8221;.vc_custom_1655118270826{margin-top: 0px !important;margin-right: 0px !important;border-top-width: 0px !important;border-right-width: 0px !important;padding-top: 0px !important;padding-right: 20px !important;}&#8221;][vc_column_text css=&#8221;&#8221;]<strong>Diffusion<\/strong><br \/>\n<strong>En Votre Compagnie<\/strong><br \/>\nRomain Le Goff<br \/>\n<a href=\"mailto:romainlegoff@envotrecompagnie.fr\">romainlegoff@envotrecompagnie.fr<\/a><br \/>\n+ 33 6 80 36 08 03<\/p>\n<p><strong>Bridge to Arts<\/strong><br \/>\n<strong>Josep Alcaina<br \/>\n<\/strong>Representation of Accrorap in: UAE \u00b7 Spain \u00b7 Germany<br \/>\n+49 155 1011 5922<br \/>\n<a href=\"mailto:jas@bridgetoarts.com\">jas@bridgetoarts.com<\/a><\/p>\n<p class=\"p1\"><strong><span class=\"s1\">Development<i><br \/>\n<\/i><\/span><\/strong>Anne-Sophie Dupoux<br \/>\n<a href=\"mailto:annesophie.dupoux@gmail.com\">annesophie.dupoux@gmail.com<\/a><br \/>\n+ 33 6 60 10 67 87<\/p>\n<p><b>Press service<br \/>\nZEF<br \/>\n<\/b>Isabelle Muraour<br \/>\n06 18 46 67 37<br \/>\n<a href=\"mailto:contact@zef-bureau.fr\">contact@zef-bureau.fr<\/a>[\/vc_column_text][\/vc_column][vc_column width=&#8221;1\/2&#8243; css=&#8221;.vc_custom_1655118279429{margin-top: 0px !important;margin-left: 40px !important;border-top-width: 0px !important;border-left-width: 0px !important;padding-top: 0px !important;padding-left: 0px !important;}&#8221;][vc_raw_html]JTNDaWZyYW1lJTIwc3JjJTNEJTIyaHR0cHMlM0ElMkYlMkZ3d3cuZ29vZ2xlLmNvbSUyRm1hcHMlMkZlbWJlZCUzRnBiJTNEJTIxMW0xOCUyMTFtMTIlMjExbTMlMjExZDI5MzMuNTM3MTM4OTgzMjUxNyUyMTJkNS4zODg0MjMzOTM3NDY5NjMlMjEzZDQzLjMxMDE4NTg5MDcwMTM1NSUyMTJtMyUyMTFmMCUyMTJmMCUyMTNmMCUyMTNtMiUyMTFpMTAyNCUyMTJpNzY4JTIxNGYxMy4xJTIxM20zJTIxMW0yJTIxMXMweDEyYzljMDgzM2E0ZTg1NTElMjUzQTB4NmQ5YzcyNjBjMjU5NTM4YSUyMTJzRnJpY2hlJTI1MjBsYSUyNTIwQmVsbGUlMjUyMGRlJTI1MjBNYWklMjE1ZTAlMjEzbTIlMjExc2ZyJTIxMnNmciUyMTR2MTY0OTIzMDc5NDMyNSUyMTVtMiUyMTFzZnIlMjEyc2ZyJTIyJTIwd2lkdGglM0QlMjI1NDAlMjIlMjBoZWlnaHQlM0QlMjI0MDUlMjIlMjBzdHlsZSUzRCUyMmJvcmRlciUzQTAlM0IlMjIlMjBhbGxvd2Z1bGxzY3JlZW4lM0QlMjIlMjIlMjBsb2FkaW5nJTNEJTIybGF6eSUyMiUyMHJlZmVycmVycG9saWN5JTNEJTIybm8tcmVmZXJyZXItd2hlbi1kb3duZ3JhZGUlMjIlM0UlM0MlMkZpZnJhbWUlM0U=[\/vc_raw_html][\/vc_column][\/vc_row]<\/p>\n<\/div>","protected":false},"excerpt":{"rendered":"<p>[vc_row][vc_column width=&#8221;1\/2&#8243; css=&#8221;.vc_custom_1655118123147{margin-top: 0px !important;margin-right: 0px !important;border-top-width: 0px !important;border-right-width: 0px !important;padding-top: 0px !important;padding-right: 40px !important;}&#8221;][vc_column_text [&hellip;]<\/p>\n","protected":false},"author":2,"featured_media":0,"parent":0,"menu_order":0,"comment_status":"closed","ping_status":"closed","template":"","meta":{"_acf_changed":false,"footnotes":""},"class_list":["post-4732","page","type-page","status-publish","hentry"],"acf":[],"_links":{"self":[{"href":"https:\/\/www.accrorap.com\/en\/wp-json\/wp\/v2\/pages\/4732","targetHints":{"allow":["GET"]}}],"collection":[{"href":"https:\/\/www.accrorap.com\/en\/wp-json\/wp\/v2\/pages"}],"about":[{"href":"https:\/\/www.accrorap.com\/en\/wp-json\/wp\/v2\/types\/page"}],"author":[{"embeddable":true,"href":"https:\/\/www.accrorap.com\/en\/wp-json\/wp\/v2\/users\/2"}],"replies":[{"embeddable":true,"href":"https:\/\/www.accrorap.com\/en\/wp-json\/wp\/v2\/comments?post=4732"}],"version-history":[{"count":10,"href":"https:\/\/www.accrorap.com\/en\/wp-json\/wp\/v2\/pages\/4732\/revisions"}],"predecessor-version":[{"id":5612,"href":"https:\/\/www.accrorap.com\/en\/wp-json\/wp\/v2\/pages\/4732\/revisions\/5612"}],"wp:attachment":[{"href":"https:\/\/www.accrorap.com\/en\/wp-json\/wp\/v2\/media?parent=4732"}],"curies":[{"name":"wp","href":"https:\/\/api.w.org\/{rel}","templated":true}]}}