{"id":4740,"date":"2022-04-05T17:03:09","date_gmt":"2022-04-05T15:03:09","guid":{"rendered":"https:\/\/www.accrorap.com\/?page_id=4740"},"modified":"2026-04-14T17:43:46","modified_gmt":"2026-04-14T15:43:46","slug":"le-studio","status":"publish","type":"page","link":"https:\/\/www.accrorap.com\/en\/le-studio\/","title":{"rendered":"Studio La Friche"},"content":{"rendered":"<div class=\"wpb-content-wrapper\"><p>[vc_row][vc_column][vc_single_image image=&#8221;5281&#8243; img_size=&#8221;full&#8221; css=&#8221;&#8221;][\/vc_column][\/vc_row][vc_row][vc_column width=&#8221;2\/3&#8243;][vc_column_text css=&#8221;.vc_custom_1760435945854{padding-right: 20px !important;}&#8221;]<strong>STUDIO RECEPTION<br \/>\n<\/strong>The Accrorap Company has a studio which it wants to be a tool to be shared by making it available to <strong>professional companies.<\/strong><br \/>\nThus, it will welcome and enhance the work of artists in the South Region as well as other national and international artists.<br \/>\nThe studio has a 200 m2 space with a dance floor and natural lighting. The ceiling is more than 4m high. It is equipped with a JBL EON ONE MK2 sound system.<br \/>\nThe Accrorap Company cannot host residencies for technical projects, nor work on coproductions.<br \/>\nThe studio is available for rehearsal slots for the day or week.[\/vc_column_text][\/vc_column][vc_column width=&#8221;1\/3&#8243; css=&#8221;.vc_custom_1776181239377{background-color: #FFFFFF !important;}&#8221;][vc_column_text css=&#8221;.vc_custom_1776181263076{background-color: #F1F1F2 !important;}&#8221; el_class=&#8221;agenda-box&#8221;]<strong>TO REQUEST ACCESS TO THE STUDIO:<br \/>\n<\/strong>Please complete the <a href=\"https:\/\/www.accrorap.com\/wp-content\/uploads\/2024\/01\/Formulaire-studio-1.pdf\">studio form<\/a>. The studio usage rates are indicated there. The prices for use of the studio are indicated on this form.<br \/>\nThe entire file will be sent to Cathy Chahine, administrator of the Company: <a href=\"mailto:admin@accrorap.com\">admin@accrorap.com<\/a><br \/>\nCc: Ludivine Leca, Reception and Management of the Studio: <a href=\"mailto:contact@accrorap.com\">contact@accrorap.com<\/a>[\/vc_column_text][\/vc_column][\/vc_row][vc_row][vc_column][vc_column_text css=&#8221;&#8221;]In 2026, the studio welcomes:<br \/>\nAMALA DIANOR, CIE PICA PICA, PNSD, CIE GRENADE, ASSOCIATION LAZA, ASSOCIATION GEM, ALINE LOPEZ, LES CONSTRUCTIONS FRAGILES, SOFIE DUBS \/ CREFADA, ANANIA DANSE, FESTIVAL DE MARSEILLE, CIE ESSEVESSE, IN&#8217;8 CIRCLES, CIE L&#8217;AUTRE MAISON, TH\u00c9\u00c2TRE LA CIT\u00c9, CIE C\u00c9LESTE, THE SOUL SOLDIER COMPAGNIE\u2026[\/vc_column_text][\/vc_column][\/vc_row][vc_row][vc_column][vc_separator color=&#8221;custom&#8221; border_width=&#8221;2&#8243; css=&#8221;&#8221; accent_color=&#8221;#cc171a&#8221;][\/vc_column][\/vc_row][vc_row][vc_column width=&#8221;2\/3&#8243;][vc_column_text css=&#8221;.vc_custom_1760435612766{padding-right: 20px !important;}&#8221;]<strong>HIP-HOP TRAINING<\/strong><br \/>\nThe trainings are training periods, freely accessible to all dancers, men and women, beginners or experienced, aged 18 or more.<br \/>\nA sound system is available, and a technician is present in the space to welcome you and manage this installation. The objective of these training sessions is to work with other dancers, men and women, and for each and every person to feel at ease to work at their own rhythm in a friendly environment.<\/p>\n<p><strong>Days and times:<\/strong><br \/>\n\u2013 <strong>First and last Mondays<\/strong> of each month from <strong>7pm to 9pm<\/strong><br \/>\n\u2013 Without prior booking<br \/>\n\u2013 In the event of cancellation by us, information will be available on our web site and social media.<\/p>\n<p><strong>Price:<\/strong> 2\u20ac annual membership\/the studio is only accessible to members.[\/vc_column_text][\/vc_column][vc_column width=&#8221;1\/3&#8243;][vc_column_text][\/vc_column_text][vc_single_image image=&#8221;5279&#8243; img_size=&#8221;full&#8221; add_caption=&#8221;yes&#8221; alignment=&#8221;center&#8221; css=&#8221;&#8221;][\/vc_column][\/vc_row][vc_row][vc_column][vc_separator color=&#8221;custom&#8221; border_width=&#8221;2&#8243; css=&#8221;&#8221; accent_color=&#8221;#cc171a&#8221;][\/vc_column][\/vc_row][vc_row][vc_column][vc_single_image image=&#8221;5288&#8243; img_size=&#8221;Full&#8221; add_caption=&#8221;yes&#8221; css=&#8221;&#8221;][\/vc_column][\/vc_row]<\/p>\n<\/div>","protected":false},"excerpt":{"rendered":"<p>[vc_row][vc_column][vc_single_image image=&#8221;5281&#8243; img_size=&#8221;full&#8221; css=&#8221;&#8221;][\/vc_column][\/vc_row][vc_row][vc_column width=&#8221;2\/3&#8243;][vc_column_text css=&#8221;.vc_custom_1760435945854{padding-right: 20px !important;}&#8221;]STUDIO RECEPTION The Accrorap Company has a studio [&hellip;]<\/p>\n","protected":false},"author":2,"featured_media":0,"parent":0,"menu_order":0,"comment_status":"closed","ping_status":"closed","template":"","meta":{"_acf_changed":false,"footnotes":""},"class_list":["post-4740","page","type-page","status-publish","hentry"],"acf":[],"_links":{"self":[{"href":"https:\/\/www.accrorap.com\/en\/wp-json\/wp\/v2\/pages\/4740","targetHints":{"allow":["GET"]}}],"collection":[{"href":"https:\/\/www.accrorap.com\/en\/wp-json\/wp\/v2\/pages"}],"about":[{"href":"https:\/\/www.accrorap.com\/en\/wp-json\/wp\/v2\/types\/page"}],"author":[{"embeddable":true,"href":"https:\/\/www.accrorap.com\/en\/wp-json\/wp\/v2\/users\/2"}],"replies":[{"embeddable":true,"href":"https:\/\/www.accrorap.com\/en\/wp-json\/wp\/v2\/comments?post=4740"}],"version-history":[{"count":17,"href":"https:\/\/www.accrorap.com\/en\/wp-json\/wp\/v2\/pages\/4740\/revisions"}],"predecessor-version":[{"id":5844,"href":"https:\/\/www.accrorap.com\/en\/wp-json\/wp\/v2\/pages\/4740\/revisions\/5844"}],"wp:attachment":[{"href":"https:\/\/www.accrorap.com\/en\/wp-json\/wp\/v2\/media?parent=4740"}],"curies":[{"name":"wp","href":"https:\/\/api.w.org\/{rel}","templated":true}]}}