{"id":4779,"date":"2024-06-18T14:11:53","date_gmt":"2024-06-18T12:11:53","guid":{"rendered":"https:\/\/www.accrorap.com\/?page_id=4779"},"modified":"2025-01-20T15:39:36","modified_gmt":"2025-01-20T14:39:36","slug":"scenes-et-cines","status":"publish","type":"page","link":"https:\/\/www.accrorap.com\/en\/scenes-et-cines\/","title":{"rendered":"Sc\u00e8nes et Cin\u00e9s"},"content":{"rendered":"<div class=\"wpb-content-wrapper\"><p>[vc_row][vc_column width=&#8221;2\/3&#8243;][vc_column_text css=&#8221;.vc_custom_1737382376164{padding-right: 20px !important;}&#8221;]<\/p>\n<blockquote data-sourcepos=\"5:1-5:377\">\n<p data-sourcepos=\"5:3-5:377\">The Accrorap Company, under the direction of Kader Attou, was an Associated Artist with <strong>Sc\u00e8nes et Cin\u00e9s, art in the territory,<\/strong> for the period 2022-2024. This association made it possible to conceive of pathways where hip-hop culture circulated through the development of creative activity, educational support, and a local presence.<\/p>\n<\/blockquote>\n<p>[\/vc_column_text][\/vc_column][vc_column width=&#8221;1\/3&#8243;][vc_single_image image=&#8221;3845&#8243; img_size=&#8221;large&#8221; alignment=&#8221;center&#8221;][\/vc_column][\/vc_row][vc_row][vc_column][vc_separator color=&#8221;custom&#8221; style=&#8221;dotted&#8221; border_width=&#8221;2&#8243; accent_color=&#8221;#cc171a&#8221;][\/vc_column][\/vc_row][vc_row][vc_column width=&#8221;1\/2&#8243;][vc_column_text css=&#8221;&#8221;]<\/p>\n<h3><span style=\"color: #cc171a;\"><strong>Creation coproduction<\/strong><\/span><\/h3>\n<h3><span style=\"color: #ffffff;\"><strong>C<\/strong><\/span><\/h3>\n<h5><strong>Pr\u00e9lude<\/strong><\/h5>\n<p><em><span class=\"s2\">Creation 2022<br \/>\n<\/span><\/em><em>Pr\u00e9lude<\/em>, the first project in the territory by the choreographer, is a choreographic work for nine dancers, men and women, from the Region. With a large number of performances programmed for 2023, <em>Pr\u00e9lude<\/em> is both the base and the lever to deploy \u00a0a panel of projects of sharing, exchanging, and developing education channels and constructive work with all sorts of structures (schools, social centres, dance schools, sports clubs, etc.).<br \/>\nThe projects had taken place across the intercommunal territory: Istres, Miramas, Fos-sur-Mer, Port-Saint-Louis, Cornillon-Confoux and Grans.<\/p>\n<p>&nbsp;<\/p>\n<h5 class=\"p1\"><strong><span class=\"s1\">Le Murmure des Songes<\/span><\/strong><\/h5>\n<p class=\"p1\"><span class=\"s2\"><em>Creation 2023<br \/>\n<\/em><\/span><span class=\"s2\"><em>Le Murmure des Songes <\/em><\/span>combines several choreographies and embraces various forms. It adapts itself to a wide variety of audiences, for young children in particular, to create wonder, magic, and evoke powerfully poetic images.<\/p>\n<p class=\"p1\"><b><span class=\"Apple-converted-space\">6 &#8211; 7 November: Premi\u00e8res in Istres, <\/span><\/b><span class=\"Apple-converted-space\">L\u2019Usine (Th\u00e9\u00e2tre de l\u2019Olivier \u2013 Sc\u00e8nes et Cin\u00e9s,\u00a0 \u00ab off site \u00bb)<\/span><\/p>\n<p>[\/vc_column_text][\/vc_column][vc_column width=&#8221;1\/2&#8243;][vc_single_image image=&#8221;4299&#8243; img_size=&#8221;large&#8221; add_caption=&#8221;yes&#8221; alignment=&#8221;right&#8221; css=&#8221;&#8221;][vc_single_image image=&#8221;4260&#8243; img_size=&#8221;full&#8221; add_caption=&#8221;yes&#8221; alignment=&#8221;right&#8221; css=&#8221;&#8221;][\/vc_column][vc_column css=&#8221;.vc_custom_1686579792877{background-color: #efefef !important;}&#8221;][vc_row_inner css=&#8221;.vc_custom_1681392154923{background-color: #efefef !important;}&#8221;][vc_column_inner width=&#8221;1\/4&#8243;][vc_column_text css=&#8221;&#8221;]<\/p>\n<h3><span style=\"color: #cc171a;\"><strong>Projects around the territory<\/strong><\/span><\/h3>\n<p>[\/vc_column_text][\/vc_column_inner][vc_column_inner width=&#8221;3\/4&#8243;][vc_column_text css=&#8221;&#8221;]<\/p>\n<h3>Transmission of Gesture<\/h3>\n<p>The Accrorap Company proposes initiation workshops, and more advanced courses, for those wishing to explore hip-hop dance, create work for stages, and to the aesthetics of Kader Attou, in relation to his works, Pr\u00e9lude and Le Murmure des Songes.<br \/>\nThe advanced courses enable full immersion in the choreographer\u2019s universe. Their objectives are to transmit the gestures and movements specific to his works and to create a part of these two performances.[\/vc_column_text][vc_custom_heading text=&#8221;Dance Workshops, inspired by the work LE MURMURE DES SONGES at the Espace G\u00e9rard Philippe, Port-Saint-Louis-du-Rh\u00f4ne \u2013 For fourth to sixth year pupils in primary schools (Ecole Paul Eluard, Ecole Romain Rolland, Ecole Jules Verne) &#8211; Jan\/Mar 2024&#8243; font_container=&#8221;tag:p|font_size:13|text_align:left|line_height:1%2C5&#8243; use_theme_fonts=&#8221;yes&#8221; css=&#8221;.vc_custom_1718711650229{margin-top: 0px !important;}&#8221;][vc_media_grid element_width=&#8221;3&#8243; css=&#8221;&#8221; grid_id=&#8221;vc_gid:1737383950690-8a59325c-ee67-0&#8243; include=&#8221;4486,4484,4482,4480&#8243;][vc_separator color=&#8221;custom&#8221; css=&#8221;&#8221; accent_color=&#8221;#898989&#8243;][vc_custom_heading text=&#8221;Dance Workshops, inspired by the work PR\u00c9LUDE at the Espace G\u00e9rard Philippe, Port-Saint-Louis-du-Rh\u00f4ne \u2013 In partnership with GM2.30, Temps Danse, AS Danse, Coll\u00e8ge Robespierre, Conservatoire Musique et Danse. (2022 &#8211; 2023)&#8221; font_container=&#8221;tag:p|font_size:13|text_align:left|line_height:1%2C5&#8243; use_theme_fonts=&#8221;yes&#8221; css=&#8221;&#8221;][vc_video link=&#8221;https:\/\/vimeo.com\/829835911&#8243; style=&#8221;&#8220;position: absolute; top: 0; left: 0; width: 100%; height: 100%;&#8221; src=&#8221;&#8220;https:\/\/player.vimeo.com\/video\/827607341?h=fad871abc9&amp;title=0&amp;byline=0&amp;portrait=0&amp;speed=0&amp;badge=0&amp;autopause=0&amp;player_id=0&amp;app_id=58479\/embed&#8220;&#8221; frameborder=&#8221;&#8220;0&#8220;&#8221;][vc_separator color=&#8221;custom&#8221; css=&#8221;&#8221; accent_color=&#8221;#898989&#8243;][vc_custom_heading text=&#8221;Workshops with the Th\u00e9\u00e2tre de Fos in Fos-sur-Mer in partnership with the Senior Center. Presentation on June 11, 2024, at the Th\u00e9\u00e2tre de Fos-sur-Mer with the projection of a video capsule created by Damien Bourletsis&#8221; font_container=&#8221;tag:p|font_size:13|text_align:left|line_height:1%2C5&#8243; use_theme_fonts=&#8221;yes&#8221; css=&#8221;&#8221;][vc_video link=&#8221;https:\/\/vimeo.com\/873386006&#8243; css=&#8221;&#8221; style=&#8221;&#8220;position: absolute; top: 0; left: 0; width: 100%; height: 100%;&#8221; src=&#8221;&#8220;https:\/\/player.vimeo.com\/video\/827607341?h=fad871abc9&amp;title=0&amp;byline=0&amp;portrait=0&amp;speed=0&amp;badge=0&amp;autopause=0&amp;player_id=0&amp;app_id=58479\/embed&#8220;&#8221; frameborder=&#8221;&#8220;0&#8220;&#8221;][vc_separator color=&#8221;custom&#8221; css=&#8221;&#8221; accent_color=&#8221;#898989&#8243;][vc_custom_heading text=&#8221;Dance Workshops (2023), inspired by the work PRELUDE with: the Th\u00e9\u00e2tre la Colonne in Miramas, the Th\u00e9\u00e2tre de l&#8217;Olivier in Istres, the Th\u00e9\u00e2tre de Fos in Fos-sur-Mer.&#8221; font_container=&#8221;tag:p|font_size:13|text_align:left|line_height:1%2C5&#8243; use_theme_fonts=&#8221;yes&#8221; css=&#8221;&#8221;][vc_media_grid css=&#8221;&#8221; grid_id=&#8221;vc_gid:1737383950690-260e392d-7082-3&#8243; include=&#8221;4552,4769,4554&#8243;][vc_separator color=&#8221;custom&#8221; css=&#8221;&#8221; accent_color=&#8221;#898989&#8243;][vc_column_text css=&#8221;&#8221;]<\/p>\n<h3><strong>Visual art workshops: Tame your monster!<\/strong><\/h3>\n<p>These workshops are led by Jessie D\u00e9sol\u00e9e, illustratrator and creator of the monsters in the video scenography for the performance Le Murmure des Songes.<br \/>\nWith a few pens and sheets of paper, Jessie D\u00e9sol\u00e9e proposes to bring to life all the little monsters that live in children\u2019s imagination and become friends with those that haunt their nightmares.[\/vc_column_text][vc_custom_heading text=&#8221;TAME YOUR MONSTER workshops led by Jessie D\u00e9sol\u00e9e for the schools in Port Saint-Louis-du-Rh\u00f4ne, for fourth to sixth year pupils in primary schools (Ecole Paul Eluard, Ecole Romain Rolland, Ecole Jules Verne) &#8211; Jan 2024.&#8221; font_container=&#8221;tag:p|font_size:13|text_align:left|line_height:1%2C5&#8243; use_theme_fonts=&#8221;yes&#8221; css=&#8221;&#8221;][vc_media_grid element_width=&#8221;3&#8243; css=&#8221;&#8221; grid_id=&#8221;vc_gid:1737383950690-c231480e-4c9b-7&#8243; include=&#8221;4529,4496,4536,4538&#8243;][\/vc_column_inner][\/vc_row_inner][\/vc_column][\/vc_row][vc_row css=&#8221;.vc_custom_1713183706908{background-color: #ffffff !important;}&#8221;][vc_column width=&#8221;1\/2&#8243; css=&#8221;.vc_custom_1713183558946{background-color: #ffffff !important;}&#8221;][vc_column_text css=&#8221;&#8221;]<\/p>\n<h3><strong><span style=\"color: #cc171a;\">La Nuit du Ring\u00a0<\/span><\/strong><\/h3>\n<div class=\"xdj266r x11i5rnm xat24cr x1mh8g0r x1vvkbs x126k92a\">\n<div dir=\"auto\">\n<p>[PREMIERE CREATION 2023]<\/p>\n<p>Artistic director Kader Attou<\/p>\n<p>Imagined by the artist in residency, on the banks of the Etang de l\u2019Olivier in Istres, this Nuit du Ring has generated unusual battles between hip-hop dancers and sports men and women. The teams have competed each other in battles face to face and arbitrated by professional speakers from the world of boxing before a jury composed of guests. A true championship with its quarter, semi and finals\u2026 Sport and dance meet and mix to become one.<\/p>\n<p>&nbsp;<\/p>\n<\/div>\n<\/div>\n<p>[\/vc_column_text][\/vc_column][vc_column width=&#8221;1\/2&#8243; css=&#8221;.vc_custom_1713183747432{background-color: #ffffff !important;}&#8221;][vc_video link=&#8221;https:\/\/vimeo.com\/832643566&#8243;][\/vc_column][\/vc_row][vc_row][vc_column][vc_empty_space][\/vc_column][\/vc_row]<\/p>\n<\/div>","protected":false},"excerpt":{"rendered":"<p>[vc_row][vc_column width=&#8221;2\/3&#8243;][vc_column_text css=&#8221;.vc_custom_1737382376164{padding-right: 20px !important;}&#8221;] The Accrorap Company, under the direction of Kader Attou, was [&hellip;]<\/p>\n","protected":false},"author":2,"featured_media":0,"parent":0,"menu_order":0,"comment_status":"closed","ping_status":"closed","template":"","meta":{"_acf_changed":false,"footnotes":""},"class_list":["post-4779","page","type-page","status-publish","hentry"],"acf":[],"_links":{"self":[{"href":"https:\/\/www.accrorap.com\/en\/wp-json\/wp\/v2\/pages\/4779","targetHints":{"allow":["GET"]}}],"collection":[{"href":"https:\/\/www.accrorap.com\/en\/wp-json\/wp\/v2\/pages"}],"about":[{"href":"https:\/\/www.accrorap.com\/en\/wp-json\/wp\/v2\/types\/page"}],"author":[{"embeddable":true,"href":"https:\/\/www.accrorap.com\/en\/wp-json\/wp\/v2\/users\/2"}],"replies":[{"embeddable":true,"href":"https:\/\/www.accrorap.com\/en\/wp-json\/wp\/v2\/comments?post=4779"}],"version-history":[{"count":7,"href":"https:\/\/www.accrorap.com\/en\/wp-json\/wp\/v2\/pages\/4779\/revisions"}],"predecessor-version":[{"id":5067,"href":"https:\/\/www.accrorap.com\/en\/wp-json\/wp\/v2\/pages\/4779\/revisions\/5067"}],"wp:attachment":[{"href":"https:\/\/www.accrorap.com\/en\/wp-json\/wp\/v2\/media?parent=4779"}],"curies":[{"name":"wp","href":"https:\/\/api.w.org\/{rel}","templated":true}]}}